{"id":5077,"date":"2023-09-10T09:16:20","date_gmt":"2023-09-10T07:16:20","guid":{"rendered":"https:\/\/t-lem.com\/produkt\/sql-stufe-1-individuell\/"},"modified":"2023-09-10T09:16:20","modified_gmt":"2023-09-10T07:16:20","slug":"sql-level-1-individuel","status":"publish","type":"product","link":"https:\/\/t-lem.com\/de\/produkt\/sql-level-1-individuel\/","title":{"rendered":"SQL Stufe 1 \u2013 individuell"},"content":{"rendered":"<p>Grundkurs zur SQL-Sprache. Sie lernen, was SQL ist und wie Datenbank-Managementsysteme funktionieren. Sie erarbeiten sich die grundlegenden SQL-Klauseln und -Operatoren, um Daten abzurufen, zu filtern und zu sortieren sowie arithmetische Operationen auf Zahlen und Textoperationen durchzuf\u00fchren. Au\u00dferdem lernen Sie, Daten in der Datenbank zu \u00e4ndern, Datens\u00e4tze einzuf\u00fcgen und zu l\u00f6schen sowie Tabellen zu erstellen und wieder zu entfernen.   <\/p>\n","protected":false},"excerpt":{"rendered":"<p>Grundkurs zur SQL-Sprache. Sie lernen, was SQL ist und wie Datenbank-Managementsysteme funktionieren. Sie erarbeiten sich die grundlegenden SQL-Klauseln und -Operatoren, um Daten abzurufen, zu filtern und zu sortieren sowie arithmetische Operationen auf Zahlen und Textoperationen durchzuf\u00fchren. Au\u00dferdem lernen Sie, Daten in der Datenbank zu \u00e4ndern, Datens\u00e4tze einzuf\u00fcgen und zu l\u00f6schen sowie Tabellen zu erstellen und [&hellip;]<\/p>\n","protected":false},"featured_media":5022,"comment_status":"open","ping_status":"closed","template":"","meta":{"_acf_changed":false,"inline_featured_image":false,"site-sidebar-layout":"default","site-content-layout":"","ast-site-content-layout":"default","site-content-style":"default","site-sidebar-style":"default","ast-global-header-display":"","ast-banner-title-visibility":"","ast-main-header-display":"","ast-hfb-above-header-display":"","ast-hfb-below-header-display":"","ast-hfb-mobile-header-display":"","site-post-title":"","ast-breadcrumbs-content":"","ast-featured-img":"","footer-sml-layout":"","ast-disable-related-posts":"","theme-transparent-header-meta":"default","adv-header-id-meta":"","stick-header-meta":"default","header-above-stick-meta":"","header-main-stick-meta":"","header-below-stick-meta":"","astra-migrate-meta-layouts":"default","ast-page-background-enabled":"default","ast-page-background-meta":{"desktop":{"background-color":"","background-image":"","background-repeat":"repeat","background-position":"center center","background-size":"auto","background-attachment":"scroll","background-type":"","background-media":"","overlay-type":"","overlay-color":"","overlay-opacity":"","overlay-gradient":""},"tablet":{"background-color":"","background-image":"","background-repeat":"repeat","background-position":"center center","background-size":"auto","background-attachment":"scroll","background-type":"","background-media":"","overlay-type":"","overlay-color":"","overlay-opacity":"","overlay-gradient":""},"mobile":{"background-color":"","background-image":"","background-repeat":"repeat","background-position":"center center","background-size":"auto","background-attachment":"scroll","background-type":"","background-media":"","overlay-type":"","overlay-color":"","overlay-opacity":"","overlay-gradient":""}},"ast-content-background-meta":{"desktop":{"background-color":"var(--ast-global-color-5)","background-image":"","background-repeat":"repeat","background-position":"center center","background-size":"auto","background-attachment":"scroll","background-type":"","background-media":"","overlay-type":"","overlay-color":"","overlay-opacity":"","overlay-gradient":""},"tablet":{"background-color":"var(--ast-global-color-5)","background-image":"","background-repeat":"repeat","background-position":"center center","background-size":"auto","background-attachment":"scroll","background-type":"","background-media":"","overlay-type":"","overlay-color":"","overlay-opacity":"","overlay-gradient":""},"mobile":{"background-color":"var(--ast-global-color-5)","background-image":"","background-repeat":"repeat","background-position":"center center","background-size":"auto","background-attachment":"scroll","background-type":"","background-media":"","overlay-type":"","overlay-color":"","overlay-opacity":"","overlay-gradient":""}}},"product_brand":[],"product_cat":[137],"product_tag":[],"class_list":{"0":"post-5077","1":"product","2":"type-product","3":"status-publish","4":"has-post-thumbnail","6":"product_cat-kurse","7":"desktop-align-left","8":"tablet-align-left","9":"mobile-align-left","10":"ast-product-gallery-layout-horizontal-slider","11":"ast-product-gallery-with-no-image","12":"ast-product-single-variable","13":"ast-product-tabs-layout-horizontal","15":"first","16":"instock","17":"taxable","18":"shipping-taxable","19":"purchasable","20":"product-type-variable"},"acf":[],"_links":{"self":[{"href":"https:\/\/t-lem.com\/de\/wp-json\/wp\/v2\/product\/5077","targetHints":{"allow":["GET"]}}],"collection":[{"href":"https:\/\/t-lem.com\/de\/wp-json\/wp\/v2\/product"}],"about":[{"href":"https:\/\/t-lem.com\/de\/wp-json\/wp\/v2\/types\/product"}],"replies":[{"embeddable":true,"href":"https:\/\/t-lem.com\/de\/wp-json\/wp\/v2\/comments?post=5077"}],"wp:featuredmedia":[{"embeddable":true,"href":"https:\/\/t-lem.com\/de\/wp-json\/wp\/v2\/media\/5022"}],"wp:attachment":[{"href":"https:\/\/t-lem.com\/de\/wp-json\/wp\/v2\/media?parent=5077"}],"wp:term":[{"taxonomy":"product_brand","embeddable":true,"href":"https:\/\/t-lem.com\/de\/wp-json\/wp\/v2\/product_brand?post=5077"},{"taxonomy":"product_cat","embeddable":true,"href":"https:\/\/t-lem.com\/de\/wp-json\/wp\/v2\/product_cat?post=5077"},{"taxonomy":"product_tag","embeddable":true,"href":"https:\/\/t-lem.com\/de\/wp-json\/wp\/v2\/product_tag?post=5077"}],"curies":[{"name":"wp","href":"https:\/\/api.w.org\/{rel}","templated":true}]}}