{"id":5087,"date":"2023-09-10T08:43:50","date_gmt":"2023-09-10T06:43:50","guid":{"rendered":"https:\/\/t-lem.com\/produkt\/python-stufe-1-individuelles-angebot\/"},"modified":"2023-09-10T08:43:50","modified_gmt":"2023-09-10T06:43:50","slug":"python-poziom-1-oferta-indywidualna","status":"publish","type":"product","link":"https:\/\/t-lem.com\/de\/produkt\/python-poziom-1-oferta-indywidualna\/","title":{"rendered":"Python Stufe 1 \u2013 individuelles Angebot"},"content":{"rendered":"<p>Kurs zu den Grundlagen der Programmiersprache Python. Du lernst, Probleme mit dieser \u00e4u\u00dferst beliebten Programmiersprache zu l\u00f6sen. Im Kurs auf Stufe 1 erwirbst du Kenntnisse und Fertigkeiten im Umgang mit den grundlegenden Sprachelementen, darunter unter anderem Variablen, Funktionen, Steueranweisungen, Schleifen, logische und arithmetische Operatoren sowie Ausdr\u00fccke. Au\u00dferdem besch\u00e4ftigst du dich mit verschiedenen Datentypen und -strukturen wie Zeichenketten, Zahlen, Tupeln, Listen, Dictionaries und Mengen. Du erlernst die Arbeit mit Textdateien, die Ausnahmebehandlung und erh\u00e4ltst eine Einf\u00fchrung in APIs.<\/p>\n","protected":false},"excerpt":{"rendered":"<p>Kurs zu den Grundlagen der Programmiersprache Python. Du lernst, Probleme mit dieser \u00e4u\u00dferst beliebten Programmiersprache zu l\u00f6sen. Im Kurs auf Stufe 1 erwirbst du Kenntnisse und Fertigkeiten im Umgang mit den grundlegenden Sprachelementen, darunter unter anderem Variablen, Funktionen, Steueranweisungen, Schleifen, logische und arithmetische Operatoren sowie Ausdr\u00fccke. Au\u00dferdem besch\u00e4ftigst du dich mit verschiedenen Datentypen und -strukturen [&hellip;]<\/p>\n","protected":false},"featured_media":5019,"comment_status":"open","ping_status":"closed","template":"","meta":{"_acf_changed":false,"inline_featured_image":false,"site-sidebar-layout":"default","site-content-layout":"default","ast-site-content-layout":"default","site-content-style":"default","site-sidebar-style":"default","ast-global-header-display":"","ast-banner-title-visibility":"","ast-main-header-display":"","ast-hfb-above-header-display":"","ast-hfb-below-header-display":"","ast-hfb-mobile-header-display":"","site-post-title":"","ast-breadcrumbs-content":"","ast-featured-img":"","footer-sml-layout":"","ast-disable-related-posts":"","theme-transparent-header-meta":"default","adv-header-id-meta":"","stick-header-meta":"default","header-above-stick-meta":"","header-main-stick-meta":"","header-below-stick-meta":"","astra-migrate-meta-layouts":"default","ast-page-background-enabled":"default","ast-page-background-meta":{"desktop":{"background-color":"","background-image":"","background-repeat":"repeat","background-position":"center center","background-size":"auto","background-attachment":"scroll","background-type":"","background-media":"","overlay-type":"","overlay-color":"","overlay-opacity":"","overlay-gradient":""},"tablet":{"background-color":"","background-image":"","background-repeat":"repeat","background-position":"center center","background-size":"auto","background-attachment":"scroll","background-type":"","background-media":"","overlay-type":"","overlay-color":"","overlay-opacity":"","overlay-gradient":""},"mobile":{"background-color":"","background-image":"","background-repeat":"repeat","background-position":"center center","background-size":"auto","background-attachment":"scroll","background-type":"","background-media":"","overlay-type":"","overlay-color":"","overlay-opacity":"","overlay-gradient":""}},"ast-content-background-meta":{"desktop":{"background-color":"var(--ast-global-color-5)","background-image":"","background-repeat":"repeat","background-position":"center center","background-size":"auto","background-attachment":"scroll","background-type":"","background-media":"","overlay-type":"","overlay-color":"","overlay-opacity":"","overlay-gradient":""},"tablet":{"background-color":"var(--ast-global-color-5)","background-image":"","background-repeat":"repeat","background-position":"center center","background-size":"auto","background-attachment":"scroll","background-type":"","background-media":"","overlay-type":"","overlay-color":"","overlay-opacity":"","overlay-gradient":""},"mobile":{"background-color":"var(--ast-global-color-5)","background-image":"","background-repeat":"repeat","background-position":"center center","background-size":"auto","background-attachment":"scroll","background-type":"","background-media":"","overlay-type":"","overlay-color":"","overlay-opacity":"","overlay-gradient":""}}},"product_brand":[],"product_cat":[137],"product_tag":[],"class_list":{"0":"post-5087","1":"product","2":"type-product","3":"status-publish","4":"has-post-thumbnail","6":"product_cat-kurse","7":"desktop-align-left","8":"tablet-align-left","9":"mobile-align-left","10":"ast-product-gallery-layout-horizontal-slider","11":"ast-product-gallery-with-no-image","12":"ast-product-single-variable","13":"ast-product-tabs-layout-horizontal","15":"first","16":"instock","17":"taxable","18":"shipping-taxable","19":"purchasable","20":"product-type-variable","21":"has-default-attributes"},"acf":[],"_links":{"self":[{"href":"https:\/\/t-lem.com\/de\/wp-json\/wp\/v2\/product\/5087","targetHints":{"allow":["GET"]}}],"collection":[{"href":"https:\/\/t-lem.com\/de\/wp-json\/wp\/v2\/product"}],"about":[{"href":"https:\/\/t-lem.com\/de\/wp-json\/wp\/v2\/types\/product"}],"replies":[{"embeddable":true,"href":"https:\/\/t-lem.com\/de\/wp-json\/wp\/v2\/comments?post=5087"}],"wp:featuredmedia":[{"embeddable":true,"href":"https:\/\/t-lem.com\/de\/wp-json\/wp\/v2\/media\/5019"}],"wp:attachment":[{"href":"https:\/\/t-lem.com\/de\/wp-json\/wp\/v2\/media?parent=5087"}],"wp:term":[{"taxonomy":"product_brand","embeddable":true,"href":"https:\/\/t-lem.com\/de\/wp-json\/wp\/v2\/product_brand?post=5087"},{"taxonomy":"product_cat","embeddable":true,"href":"https:\/\/t-lem.com\/de\/wp-json\/wp\/v2\/product_cat?post=5087"},{"taxonomy":"product_tag","embeddable":true,"href":"https:\/\/t-lem.com\/de\/wp-json\/wp\/v2\/product_tag?post=5087"}],"curies":[{"name":"wp","href":"https:\/\/api.w.org\/{rel}","templated":true}]}}