{"id":3592,"date":"2023-03-15T09:52:56","date_gmt":"2023-03-15T08:52:56","guid":{"rendered":"https:\/\/t-lem.com\/current-projects\/"},"modified":"2023-07-13T10:50:08","modified_gmt":"2023-07-13T08:50:08","slug":"aktualne-projekty","status":"publish","type":"page","link":"https:\/\/t-lem.com\/pl\/aktualne-projekty\/","title":{"rendered":"Aktualne projekty"},"content":{"rendered":"\t\t<div data-elementor-type=\"wp-page\" data-elementor-id=\"3592\" class=\"elementor elementor-3592 elementor-2375\" data-elementor-post-type=\"page\">\n\t\t\t\t\t\t<section class=\"elementor-section elementor-top-section elementor-element elementor-element-986dfe2 elementor-section-boxed elementor-section-height-default elementor-section-height-default\" data-id=\"986dfe2\" data-element_type=\"section\" data-e-type=\"section\" data-settings=\"{&quot;jet_parallax_layout_list&quot;:[],&quot;background_background&quot;:&quot;classic&quot;}\">\n\t\t\t\t\t\t<div class=\"elementor-container elementor-column-gap-default\">\n\t\t\t\t\t<div class=\"elementor-column elementor-col-100 elementor-top-column elementor-element elementor-element-dc7d73b\" data-id=\"dc7d73b\" data-element_type=\"column\" data-e-type=\"column\">\n\t\t\t<div class=\"elementor-widget-wrap elementor-element-populated\">\n\t\t\t\t\t\t<div class=\"elementor-element elementor-element-390f776 elementor-widget elementor-widget-heading\" data-id=\"390f776\" data-element_type=\"widget\" data-e-type=\"widget\" data-widget_type=\"heading.default\">\n\t\t\t\t<div class=\"elementor-widget-container\">\n\t\t\t\t\t<h1 class=\"elementor-heading-title elementor-size-default\">Aktualne projekty<\/h1>\t\t\t\t<\/div>\n\t\t\t\t<\/div>\n\t\t\t\t<div class=\"elementor-element elementor-element-55179a9 elementor-widget__width-auto elementor-absolute elementor-hidden-tablet elementor-hidden-mobile elementor-widget elementor-widget-image\" data-id=\"55179a9\" data-element_type=\"widget\" data-e-type=\"widget\" data-settings=\"{&quot;_position&quot;:&quot;absolute&quot;}\" data-widget_type=\"image.default\">\n\t\t\t\t<div class=\"elementor-widget-container\">\n\t\t\t\t\t\t\t\t\t\t\t\t\t\t\t<img fetchpriority=\"high\" decoding=\"async\" width=\"266\" height=\"198\" src=\"https:\/\/t-lem.com\/wp-content\/uploads\/2023\/03\/Group-510.svg\" class=\"attachment-full size-full wp-image-3227\" alt=\"\">\t\t\t\t\t\t\t\t\t\t\t\t\t\t\t<\/div>\n\t\t\t\t<\/div>\n\t\t\t\t<div class=\"elementor-element elementor-element-09d59c5 elementor-widget__width-initial elementor-widget-mobile__width-inherit elementor-widget elementor-widget-text-editor\" data-id=\"09d59c5\" data-element_type=\"widget\" data-e-type=\"widget\" data-widget_type=\"text-editor.default\">\n\t\t\t\t<div class=\"elementor-widget-container\">\n\t\t\t\t\t\t\t\t\t<p>Aktualne projekty<\/p>\t\t\t\t\t\t\t\t<\/div>\n\t\t\t\t<\/div>\n\t\t\t\t\t<\/div>\n\t\t<\/div>\n\t\t\t\t\t<\/div>\n\t\t<\/section>\n\t\t\t\t<section class=\"elementor-section elementor-top-section elementor-element elementor-element-811795b elementor-section-boxed elementor-section-height-default elementor-section-height-default\" data-id=\"811795b\" data-element_type=\"section\" data-e-type=\"section\" data-settings=\"{&quot;jet_parallax_layout_list&quot;:[]}\">\n\t\t\t\t\t\t<div class=\"elementor-container elementor-column-gap-default\">\n\t\t\t\t\t<div class=\"elementor-column elementor-col-100 elementor-top-column elementor-element elementor-element-996140b\" data-id=\"996140b\" data-element_type=\"column\" data-e-type=\"column\">\n\t\t\t<div class=\"elementor-widget-wrap elementor-element-populated\">\n\t\t\t\t\t\t<div class=\"elementor-element elementor-element-6d272bd elementor-widget elementor-widget-shortcode\" data-id=\"6d272bd\" data-element_type=\"widget\" data-e-type=\"widget\" data-widget_type=\"shortcode.default\">\n\t\t\t\t<div class=\"elementor-widget-container\">\n\t\t\t\t\t\t\t<div class=\"elementor-shortcode\">\n\n<div class=\"realizations_slider\">\n\n    <div class=\"realizations_slider_row\">\n       \t\t\n\n                <div class=\"realizations_item\">\n\t\t\t\t  <a href=\"https:\/\/t-lem.com\/pl\/projekty\/miedzynarodowa-liga-it-dla-szkol\/\">\t\n\t\t\t\t\t  \t<img decoding=\"async\" src=\"https:\/\/t-lem.com\/wp-content\/uploads\/2023\/09\/four_seasons_competition_v3_page-0001-1.jpg\" alt=\"\">\n                        <h4>Mi\u0119dzynarodowa liga IT dla szk\u00f3\u0142!<\/h4>\n\t\t\t\t\t<\/a>\n  <a href=\"https:\/\/t-lem.com\/pl\/projekty\/miedzynarodowa-liga-it-dla-szkol\/\">\n\t\t\t\t\t\t\n\n                     \n\n\t\t\t\t\t\t  <span class=\"dsc\">\tDo\u0142\u0105cz ze swoj\u0105 szko\u0142\u0105 do mi\u0119dzynarodowej ligi IT, aby uzyska\u0107 dost\u0119p do najfajniejszej, wielokrotnie nagradzanej platformy internetowej do nauczania i uczenia si\u0119 informatyki przez ca\u0142y rok.\t\t<\/span>\n                      \n\t  <button class='btn_project'>\n\t\t  ZOBACZ WI\u0118CEJ\n\t  <\/button>\n              \n                    <\/a>\n\t\t<\/div>\n            \t\t\n\n                <div class=\"realizations_item\">\n\t\t\t\t  <a href=\"https:\/\/t-lem.com\/pl\/projekty\/lem-afryka\/\">\t\n\t\t\t\t\t  \t<img decoding=\"async\" src=\"https:\/\/t-lem.com\/wp-content\/uploads\/2023\/09\/BNY_Africa-1.jpg\" alt=\"\">\n                        <h4>LEM Afryka<\/h4>\n\t\t\t\t\t<\/a>\n  <a href=\"https:\/\/t-lem.com\/pl\/projekty\/lem-afryka\/\">\n\t\t\t\t\t\t\n\n                     \n\n\t\t\t\t\t\t  <span class=\"dsc\">\tWspieramy edukacj\u0119 informatyczn\u0105 w Afryce. Dla tysi\u0105ca afryka\u0144skich szk\u00f3\u0142 zapewniamy bezp\u0142atny dost\u0119p do specjalistycznej platformy edukacyjnej do nauki ICT \u2013 Ligi Niezwyk\u0142ych Umys\u0142\u00f3w. Programowanie, bazy danych, bezpiecze\u0144stwo cyfrowe w praktyce.\t\t<\/span>\n                      \n\t  <button class='btn_project'>\n\t\t  ZOBACZ WI\u0118CEJ\n\t  <\/button>\n              \n                    <\/a>\n\t\t<\/div>\n            \t\t\n\n                <div class=\"realizations_item\">\n\t\t\t\t  <a href=\"https:\/\/t-lem.com\/pl\/projekty\/go-to-brand\/\">\t\n\t\t\t\t\t  \t<img decoding=\"async\" src=\"https:\/\/t-lem.com\/wp-content\/uploads\/2023\/09\/A34C7F74-EED4-4E4C-A4EF-ECF12762A200_1_201_a.jpg\" alt=\"\">\n                        <h4>Go To Brand<\/h4>\n\t\t\t\t\t<\/a>\n  <a href=\"https:\/\/t-lem.com\/pl\/projekty\/go-to-brand\/\">\n\t\t\t\t\t\t\n\n                     \n\n\t\t\t\t\t\t  <span class=\"dsc\">\tSOFT POWER SP. Z O.O. realizuje projekt dofinansowany z Funduszy Europejskich \u201eThe League of Extraordinary Minds \u2013 nauka programowania online dla szk\u00f3\u0142 i indywidualnych u\u017cytkownik\u00f3w\u201d.\t\t<\/span>\n                      \n\t  <button class='btn_project'>\n\t\t  ZOBACZ WI\u0118CEJ\n\t  <\/button>\n              \n                    <\/a>\n\t\t<\/div>\n             <\/div>\n    <\/div>\n\n   <style>\n\t   .btn_project\n\t   {\n\t\t   margin-top: 13px;\n\t\t   color: #fff;\n\t\t   padding: 13px;\n\t\t   width: 100%;\n\t\t   font-family: 'Mulish';\nfont-style: normal;\nfont-weight: 800;\nfont-size: 16px;\n\t\t   background: #5CB85C;\nborder-radius: 5px;\n\t\t   border: 1px solid #5CB85C;\n\t   }\n\t    .btn_project:hover\n\t   {\n\t\t   background: #428942;\n\t\t\t      border: 1px solid #428942;\n\t   }\n\t   .realizations_slider_row\n\t   {\n\t\t   display: flex;\n\t\t   flex-direction: row;\n\t\t   flex-wrap: wrap;\n\t   }\n\t   .realizations_item\n\t   .dsc\n\t   {\n\t\t  \n\t\t   color: #1E4261;\n\t\t   margin-top: 15px;\n\t   }\n\t    .realizations_item\n\t   a:nth-child(1):before\n\t   {\n\t\t   content:\"\";\n\t\t   position: absolute;\n\t\t   bottom: 0;\n\t\t   left:0;\n\t\t   width: 100%;\n\t\t   height: 100%;\n\t\t   background: linear-gradient(0.75deg, #EEEEEE 0.65%, rgba(238, 238, 238, 0) 62.31%);\nborder-radius: 10px;\n\t   }\n\t     .realizations_item\n\t   a:nth-child(1)\n\t   img\n\t   {\n\t\t   border-radius: 10px;\n\t\t   width: 100%;\n\t\t   height: 440px;\n\t\t   object-fit: cover;\n\t   }\n\t    .realizations_item\n\t   a:nth-child(1)\n\t   {\n\t\t   position: relative;\n\t   }\n .realizations_item\n\t   a:nth-child(1)\n\t   h4\n\t   {\n\t\t   position: absolute;\n\t\t   bottom: 20px;\n\t\t   left: 20px;\n\t\t   margin-bottom: 0px;\n\t\t   padding-right: 20px;\n\t\t   \n\t   }\n\t\t .realizations_item\n\t   {\n\t\t    margin: 0 10px 30px 10px;\n\t\t   flex-basis: calc(25% - 20px);\n\t   }\n\t  \n\t    .realizations_item\n\t   a\n\t   {\n\t\t   display: flex;\n\t\t   flex-direction: column;\n\t\t   position:relative;\n\t   }\n\t\n  .realizations_item:hover\n\t   h4\n\t   {\n\t\t   text-decoration: underline;\n\t   }\n\t\n\t\t\n\t\t@media screen and (max-width: 1440px) \n\t\t{\n\t\t\t .realizations_item\n\t   {\n\t\t   \n\t\t   flex-basis: calc(33.33% - 20px);\n\t   }\n\t   }\n\t   \n\t   \t@media screen and (max-width: 1024px) \n\t\t{\n\t\t\t .realizations_item\n\t   {\n\t\t   \n\t\t   flex-basis: calc(50% - 20px);\n\t   }\n\t   }\n\t    \t@media screen and (max-width: 767px) \n\t\t{\n\t\t\t .realizations_item\n\t   {\n\t\t   \n\t\t   flex-basis: calc(100% - 20px);\n\t   }\n\t   }\n\t\n\t<\/style>\n\n<\/div>\n\t\t\t\t\t\t<\/div>\n\t\t\t\t<\/div>\n\t\t\t\t\t<\/div>\n\t\t<\/div>\n\t\t\t\t\t<\/div>\n\t\t<\/section>\n\t\t\t\t<\/div>\n\t\t","protected":false},"excerpt":{"rendered":"<p>Aktualne projekty<\/p>\n","protected":false},"author":1,"featured_media":0,"parent":0,"menu_order":0,"comment_status":"closed","ping_status":"closed","template":"","meta":{"_acf_changed":false,"inline_featured_image":false,"site-sidebar-layout":"no-sidebar","site-content-layout":"page-builder","ast-site-content-layout":"default","site-content-style":"default","site-sidebar-style":"default","ast-global-header-display":"","ast-banner-title-visibility":"","ast-main-header-display":"","ast-hfb-above-header-display":"","ast-hfb-below-header-display":"","ast-hfb-mobile-header-display":"","site-post-title":"disabled","ast-breadcrumbs-content":"","ast-featured-img":"disabled","footer-sml-layout":"","ast-disable-related-posts":"","theme-transparent-header-meta":"","adv-header-id-meta":"","stick-header-meta":"","header-above-stick-meta":"","header-main-stick-meta":"","header-below-stick-meta":"","astra-migrate-meta-layouts":"default","ast-page-background-enabled":"default","ast-page-background-meta":{"desktop":{"background-color":"","background-image":"","background-repeat":"repeat","background-position":"center center","background-size":"auto","background-attachment":"scroll","background-type":"","background-media":"","overlay-type":"","overlay-color":"","overlay-opacity":"","overlay-gradient":""},"tablet":{"background-color":"","background-image":"","background-repeat":"repeat","background-position":"center center","background-size":"auto","background-attachment":"scroll","background-type":"","background-media":"","overlay-type":"","overlay-color":"","overlay-opacity":"","overlay-gradient":""},"mobile":{"background-color":"","background-image":"","background-repeat":"repeat","background-position":"center center","background-size":"auto","background-attachment":"scroll","background-type":"","background-media":"","overlay-type":"","overlay-color":"","overlay-opacity":"","overlay-gradient":""}},"ast-content-background-meta":{"desktop":{"background-color":"var(--ast-global-color-5)","background-image":"","background-repeat":"repeat","background-position":"center center","background-size":"auto","background-attachment":"scroll","background-type":"","background-media":"","overlay-type":"","overlay-color":"","overlay-opacity":"","overlay-gradient":""},"tablet":{"background-color":"var(--ast-global-color-5)","background-image":"","background-repeat":"repeat","background-position":"center center","background-size":"auto","background-attachment":"scroll","background-type":"","background-media":"","overlay-type":"","overlay-color":"","overlay-opacity":"","overlay-gradient":""},"mobile":{"background-color":"var(--ast-global-color-5)","background-image":"","background-repeat":"repeat","background-position":"center center","background-size":"auto","background-attachment":"scroll","background-type":"","background-media":"","overlay-type":"","overlay-color":"","overlay-opacity":"","overlay-gradient":""}},"footnotes":""},"class_list":["post-3592","page","type-page","status-publish","hentry"],"acf":[],"_links":{"self":[{"href":"https:\/\/t-lem.com\/pl\/wp-json\/wp\/v2\/pages\/3592","targetHints":{"allow":["GET"]}}],"collection":[{"href":"https:\/\/t-lem.com\/pl\/wp-json\/wp\/v2\/pages"}],"about":[{"href":"https:\/\/t-lem.com\/pl\/wp-json\/wp\/v2\/types\/page"}],"author":[{"embeddable":true,"href":"https:\/\/t-lem.com\/pl\/wp-json\/wp\/v2\/users\/1"}],"replies":[{"embeddable":true,"href":"https:\/\/t-lem.com\/pl\/wp-json\/wp\/v2\/comments?post=3592"}],"version-history":[{"count":5,"href":"https:\/\/t-lem.com\/pl\/wp-json\/wp\/v2\/pages\/3592\/revisions"}],"predecessor-version":[{"id":3597,"href":"https:\/\/t-lem.com\/pl\/wp-json\/wp\/v2\/pages\/3592\/revisions\/3597"}],"wp:attachment":[{"href":"https:\/\/t-lem.com\/pl\/wp-json\/wp\/v2\/media?parent=3592"}],"curies":[{"name":"wp","href":"https:\/\/api.w.org\/{rel}","templated":true}]}}