{"id":3801,"date":"2019-02-27T15:50:36","date_gmt":"2019-02-27T14:50:36","guid":{"rendered":"https:\/\/t-lem.com\/privacy-policy\/"},"modified":"2023-09-11T12:11:46","modified_gmt":"2023-09-11T10:11:46","slug":"privacy-policy","status":"publish","type":"page","link":"https:\/\/t-lem.com\/pl\/privacy-policy\/","title":{"rendered":"Polityka prywatno\u015bci"},"content":{"rendered":"\t\t<div data-elementor-type=\"wp-page\" data-elementor-id=\"3801\" class=\"elementor elementor-3801 elementor-323\" data-elementor-post-type=\"page\">\n\t\t\t\t\t\t<section class=\"elementor-section elementor-top-section elementor-element elementor-element-27e3b59 elementor-section-boxed elementor-section-height-default elementor-section-height-default\" data-id=\"27e3b59\" data-element_type=\"section\" data-e-type=\"section\" data-settings=\"{&quot;jet_parallax_layout_list&quot;:[]}\">\n\t\t\t\t\t\t<div class=\"elementor-container elementor-column-gap-default\">\n\t\t\t\t\t<div class=\"elementor-column elementor-col-100 elementor-top-column elementor-element elementor-element-14b83c1\" data-id=\"14b83c1\" data-element_type=\"column\" data-e-type=\"column\">\n\t\t\t<div class=\"elementor-widget-wrap elementor-element-populated\">\n\t\t\t\t\t\t<div class=\"elementor-element elementor-element-0b6713a elementor-widget elementor-widget-text-editor\" data-id=\"0b6713a\" data-element_type=\"widget\" data-e-type=\"widget\" data-widget_type=\"text-editor.default\">\n\t\t\t\t<div class=\"elementor-widget-container\">\n\t\t\t\t\t\t\t\t\t<p class=\"p2\">Soft Power sp\u00f3\u0142ka z ograniczon\u0105 odpowiedzialno\u015bci\u0105, z siedzib\u0105 we Wroc\u0142awiu 52-010, ul. Opolska 11-19,<span class=\"Apple-converted-space\">\u00a0 <\/span>NIP 8943062929, REGON:<span class=\"s1\">361700953, KRS: 0000561255\u00a0<\/span><\/p><p class=\"p3\"><b>1. Kto jest administratorem danych osobowych os\u00f3b fizycznych? <\/b><\/p><p class=\"p4\">Soft Power sp\u00f3\u0142ka z ograniczon\u0105 odpowiedzialno\u015bci\u0105, z siedzib\u0105 we Wroc\u0142awiu\u00a0<\/p><p class=\"p5\"><b>2. W jakim celu, na jakiej podstawie i przez jaki okres wykorzystujemy Twoje dane osobowe? <\/b>Dane osobowe uzyskane w trakcie komunikacji lub przed zawarciem umowy lub w trakcie jej trwania wykorzystujemy w celu:\u00a0<\/p><p class=\"p6\"><b>1) <\/b>zawarcia i wykonania umowy przez czas trwania umowy i rozlicze\u0144 po jej zako\u0144czeniu lub do podj\u0119cia dzia\u0142a\u0144 przed zawarciem umowy, o ile zgodzisz si\u0119 na to (art. 6 ust. 1 b) Rodo);\u00a0<\/p><p class=\"p7\"><b>2) <\/b>wykonania ci\u0105\u017c\u0105cych na nas obowi\u0105zk\u00f3w prawnych, np.: wystawianie i przechowywanie faktur oraz dokument\u00f3w ksi\u0119gowych, prowadzenie dokumentacji pracowniczej (art. 6 ust. 1 c) Rodo); Z danych potrzebnych do realizacji obowi\u0105zk\u00f3w prawnych b\u0119dziemy korzysta\u0107: a) przez czas wykonania obowi\u0105zk\u00f3w, np. wystawienia faktury (art. 6 ust. 1 c) Rodo); b) przez czas, w kt\u00f3rym przepisy nakazuj\u0105 nam przechowywa\u0107 dane, np. podatkowe; c) przez czas, w kt\u00f3rym mamy uzasadniony interes, np. mo\u017cemy ponie\u015b\u0107 konsekwencje prawne niewykonania obowi\u0105zku;\u00a0<\/p><p class=\"p8\"><b>3) <\/b>weryfikacji wiarygodno\u015bci p\u0142atniczej, ustalenia, obrony, dochodzenia roszcze\u0144, wykrywania, zapobiegania nadu\u017cyciom, tworzenia zestawie\u0144, analiz i statystyk, co obejmuje m. in. sprzeda\u017c naszych wierzytelno\u015bci z umowy innemu podmiotowi, a wcze\u015bniej ujawnienie dokument\u00f3w \u017ar\u00f3d\u0142owych (np. um\u00f3w) zawieraj\u0105cych dane osobowe, raportowanie, badania marketingowe, tworzenie statystyk (np. dotycz\u0105cych ochrony przychod\u00f3w) \u2013 przez okres, po kt\u00f3rym przedawni\u0105 si\u0119 roszczenia wynikaj\u0105ce z umowy, poniewa\u017c mamy prawnie uzasadniony interes;<\/p><p class=\"p9\"><b>4) <\/b>marketingu bezpo\u015bredniego \u2013 przez czas trwania umowy, poniewa\u017c mamy prawnie uzasadniony interes.<\/p><p class=\"p10\"><b>3. Jakim odbiorcom mo\u017cemy przekaza\u0107 Twoje dane?\u00a0<\/b><\/p><p class=\"p11\">Dane mo\u017cemy przekaza\u0107:\u00a0<\/p><p class=\"p6\"><b>1) <\/b>podmiotom przetwarzaj\u0105cym dane w naszym imieniu, uczestnicz\u0105cym w wykonywaniu naszych czynno\u015bci, np.:<\/p><p class=\"p12\">A) pracownikom, wsp\u00f3\u0142pracownikom, podwykonawcom wspieraj\u0105cym nas w naszej dzia\u0142alno\u015bci, w tym obs\u0142uguj\u0105cym nasze systemy teleinformatyczne, pomagaj\u0105cym w procesie marketingu, realizacji us\u0142ug dla naszego klienta;<\/p><p class=\"p13\">B) doradcom, konsultantom, audytorom, \u015bwiadcz\u0105cym pomoc prawn\u0105, podatkow\u0105, rachunkow\u0105,<span class=\"Apple-converted-space\">\u00a0 <\/span>C) \u015bwiadcz\u0105cym dzia\u0142alno\u015b\u0107 pocztow\u0105, kuriersk\u0105, p\u0142atnicz\u0105 (banki, instytucje p\u0142atnicze), nabywcom wierzytelno\u015bci, bankom, instytucjom finansowym;<\/p><p class=\"p14\"><b>2) <\/b>organom pa\u0144stwowym w zakresie przepis\u00f3w prawa, klientom, je\u017celi jest to niezb\u0119dne przed zawarciem umowy lub przy wykonaniu umowy.<\/p><p class=\"p15\"><b>4. Czy Twoje dane trafi\u0105 poza Europejski Obszar Gospodarczy (EOG)?\u00a0<\/b><\/p><p class=\"p16\">Obecnie nie planujemy przekazywa\u0107 Twoich danych poza EOG. Ale je\u017celi zdecydujemy si\u0119 na przekazanie danych poza EOG, to zrobimy to wy\u0142\u0105cznie w zakresie, na jaki pozwala\u0107 nam b\u0119dzie prawo.<\/p><p class=\"p17\"><b>5. Przys\u0142uguj\u0105 Ci uprawnienia odno\u015bnie danych osobowych do: <\/b><\/p><p class=\"p18\"><b>1) <\/b>sprostowania, usuni\u0119cia, ograniczenia przetwarzania, dost\u0119pu, przeniesienia do innego administratora danych lub do Ciebie (w zakresie okre\u015blonym w art. 20 Rodo), sprzeciwu wobec przetwarzania (w tym profilowania) na potrzeby marketingu bezpo\u015bredniego (w zakresie okre\u015blonym w art. 21 Rodo), zgody. Je\u017celi wykorzystanie przez nas Twoich danych nie jest konieczne do wykonania umowy, realizacji obowi\u0105zku prawnego lub nie stanowi naszego prawnie uzasadnionego interesu, mo\u017cemy prosi\u0107 o wyra\u017cenie zgody na okre\u015blone sposoby wykorzystania Twoich danych, skargi do Prezesa Urz\u0119du Ochrony Danych Osobowych.<\/p><p class=\"p19\"><b>2) <\/b>po rozpatrzeniu Twojego wniosku mo\u017ce okaza\u0107 si\u0119, \u017ce nie b\u0119dziemy mogli przetwarza\u0107 danych osobowych obj\u0119tych sprzeciwem na tej podstawie, chyba \u017ce wyka\u017cemy, i\u017c istniej\u0105 podstaw prawne.<span class=\"Apple-converted-space\">\u00a0 <\/span><span class=\"s2\"><b>3) <\/b><\/span>W sprawach zwi\u0105zanych z Twoimi danymi mo\u017cesz kontaktowa\u0107 si\u0119 z nami poprzez wys\u0142anie maila w\u0142a\u015bnie na adres ido@t-lem.com Adres ten s\u0142u\u017cy temu aby\u015b m\u00f3g\u0142 z nami kontaktowa\u0107 si\u0119 w sprawie<\/p><p class=\"p20\">swoich danych oraz aby\u015b m\u00f3g\u0142 realizowa\u0107 swoje prawa zwi\u0105zane z udost\u0119pnionymi nam danymi. Masz prawo do \u017c\u0105dania od nas dost\u0119pu do swoich danych osobowych (poinformujemy Ci\u0119 jakimi Twoimi danymi si\u0119 pos\u0142ugujemy), ich sprostowania (je\u015bli zechcesz poprawimy Twoje dane), usuni\u0119cia lub ograniczenia przetwarzania (mo\u017cesz wybra\u0107 dane kt\u00f3re b\u0119dziemy przetwarza\u0107 lub \u017c\u0105da\u0107 aby\u015bmy wszystkie Twoje dane usun\u0119li) lub o prawie do wniesienia sprzeciwu lub te\u017c prawie do przeniesienia Twoich danych do innego podmiotu.<\/p><p class=\"p10\"><b>6. Kt\u00f3re dane nale\u017cy nam poda\u0107?\u00a0<\/b><\/p><p class=\"p21\">1) do zawarcia umowy &#8211; danych na formularzu umowy lub w dokumentach towarzysz\u0105cych (np. okre\u015blenie stron umowy, adresu do korespondencji) &#8211; je\u015bli ich nie podasz, mo\u017cemy nie zawrze\u0107 umowy; 2) od ubiegaj\u0105cych si\u0119 o zatrudnienie na umow\u0119 o prac\u0119 i pracownik\u00f3w wymagamy podania danych okre\u015blonych w Kodeksie pracy;<\/p><p class=\"p22\">3) dodatkowo mo\u017cemy poprosi\u0107 o dane opcjonalne, kt\u00f3re nie maj\u0105 wp\u0142ywu na zawarcie umowy (je\u015bli ich nie otrzymamy, nie b\u0119dziemy mogli np. dzwoni\u0107 pod numer kontaktowy).<\/p><p class=\"p23\">4) podawanie cz\u0119\u015bci danych przy zawarciu umowy, nie jest wymogiem ustawowym (z wyj\u0105tkami okre\u015blonymi w przepisach prawa, np. Kodeksie pracy), ale bez podania danych nie mogliby\u015bmy np. wykona\u0107 umowy lub by\u0142oby to znacznie utrudnione.<\/p><p class=\"p24\"><b>7. Kategorie odno\u015bnie danych osobowych, w przypadku pozyskania danych osobowych w spos\u00f3b inny ni\u017c od osoby, kt\u00f3rej dotycz\u0105. <\/b><\/p><p class=\"p25\">W zale\u017cno\u015bci od rodzaju osoby i stosunku prawnego: np. NIP, Pesel, adres zamieszkania, dane kontaktowe (telefon, e-mail, ewentualnie inny komunikator), imiona, nazwiska, karty dost\u0119pu, adres g\u0142\u00f3wnego miejsca wykonywania dzia\u0142alno\u015bci gospodarczej.<\/p><p class=\"p26\"><b>8. Dane z innych \u017ar\u00f3de\u0142. <\/b><\/p><p class=\"p27\">1) Je\u015bli p\u0142acisz za po\u015brednictwem np. banku lub instytucji p\u0142atniczej, to wejdziemy w posiadanie informacji o tym, z jakiego konta, w jakiej instytucji dokona\u0142e\u015b zap\u0142aty. Dane te b\u0119dziemy przetwarza\u0107 w celu sprawdzenia, czy dokona\u0142e\u015b poprawnej zap\u0142aty, a w razie potrzeby tak\u017ce w celu dokonania zwrot\u00f3w (podstawa: wykonanie umowy), w celu ustalenia, dochodzenia i obrony roszcze\u0144 oraz w celach tworzenia statystyk i analiz (podstawa: nasz prawnie uzasadniony interes).<\/p><p class=\"p28\">2) cz\u0119\u015b\u0107 danych mo\u017ce pochodzi\u0107 ze \u017ar\u00f3de\u0142 publicznie dost\u0119pnych (np. publikowanych w KRS na stronach rz\u0105dowych lub w innych publikatorach).<\/p><p class=\"p26\"><b>9. Automatyczne podejmowanie decyzji. <\/b><\/p><p class=\"p29\">Mo\u017cemy automatycznie podejmowa\u0107 decyzje, w tym co do profilowania, w przypadku: 1) gdy jest to wyra\u017anie dopuszczone prawem Unii lub prawem pa\u0144stwa cz\u0142onkowskiego, w tym decyzje do cel\u00f3w monitorowania i zapobiegania nadu\u017cyciom i reagowania na nie;<\/p><p class=\"p30\">2) do zapewniania bezpiecze\u0144stwa i niezawodno\u015bci us\u0142ug \u015bwiadczonych przez administratora (np. dane o po\u0142o\u017ceniu urz\u0105dzenia, narz\u0119dzia analityczne, w tym programy antywirusowe, ciasteczka,, itd.), lub 3) gdy jest to niezb\u0119dne do zawarcia lub wykonania umowy mi\u0119dzy osob\u0105, kt\u00f3rej dane dotycz\u0105, a administratorem, w tym ustalenia, obrony i dochodzenia roszcze\u0144; lu<\/p><p class=\"p31\">4) dodatkowo, gdy osoba, kt\u00f3rej dane dotycz\u0105, wyrazi\u0142a na to wyra\u017an\u0105 zgod\u0119.\u00a0<\/p><p class=\"p32\">Przetwarzanie takie b\u0119dzie zawsze podlega\u0107 odpowiednim zabezpieczeniom. Masz prawo do uzyskania interwencji ludzkiej, wyra\u017cenia w\u0142asnego stanowiska, uzyskania wyja\u015bnienia co do decyzji wynik\u0142ej z takiej oceny oraz zakwestionowania takiej decyzji i w\u00f3wczas sprawa b\u0119dzie rozpatrywana przez w\u0142a\u015bciw\u0105 osob\u0119.\u00a0<\/p><p class=\"p33\"><b>10. Polityka Plik\u00f3w Cookies <\/b><\/p><p class=\"p34\">Ciasteczka (ang cookies) \u2013 to niewielkie informacje tekstowe, wysy\u0142ane przez serwer www i zapisywane po stronie u\u017cytkownika. Domy\u015blne parametry ciasteczek pozwalaj\u0105 na odczytanie informacji w nich zawartych jedynie serwerowi, kt\u00f3ry je utworzy\u0142. Ciasteczka s\u0105 stosowane najcz\u0119\u015bciej do monitorowania aktywno\u015bci odwiedzaj\u0105cych nasz\u0105 stron\u0119 internetow\u0105 (\u201eSerwis\u201d). Cookies przewa\u017cnie zawieraj\u0105 nazw\u0119 strony internetowej, z kt\u00f3rej pochodz\u0105, czas przechowywania ich na urz\u0105dzeniu ko\u0144cowym np. na dysku twardym oraz przypisane im dane (takie jak np. numery sesji).<\/p><p class=\"p35\">1. Podmiotem zamieszczaj\u0105cym na urz\u0105dzeniu ko\u0144cowym u\u017cytkownika Serwisu pliki cookies oraz uzyskuj\u0105cym do nich dost\u0119p jest:<\/p><p class=\"p36\"><span class=\"s3\">o <\/span>Soft Power sp\u00f3\u0142ka z ograniczon\u0105 odpowiedzialno\u015bci\u0105, z siedzib\u0105 we Wroc\u0142awiu<span class=\"Apple-converted-space\">\u00a0 <\/span><span class=\"s3\">o <\/span>wsp\u00f3\u0142pracuj\u0105ce firmy us\u0142ugowe i reklamowe (tzw. Cookies podmiot\u00f3w zewn\u0119trznych). 2. Wykorzystywanie plik\u00f3w cookies ma na celu:<\/p><p class=\"p37\"><span class=\"s3\">o <\/span>dostosowanie zawarto\u015bci stron internetowych Serwisu do preferencji u\u017cytkownika oraz optymalizacji korzystania ze stron internetowych; a szczeg\u00f3lnie pliki te pozwalaj\u0105 rozpozna\u0107 urz\u0105dzenie u\u017cytkownika Serwisu i odpowiednio wy\u015bwietli\u0107 stron\u0119 internetow\u0105, dostosowan\u0105 do jego indywidualnych potrzeb;<\/p><p class=\"p38\"><span class=\"s3\">o <\/span>tworzenie statystyk, kt\u00f3re pomagaj\u0105 zrozumie\u0107, w jaki spos\u00f3b u\u017cytkownicy Serwisu korzystaj\u0105 ze stron internetowych, co umo\u017cliwia ich ulepszanie;<\/p><p class=\"p39\"><span class=\"s3\">o <\/span>utrzymanie sesji u\u017cytkownika Serwisu oraz zapewnia dzia\u0142anie wszystkich funkcji Serwisu; <span class=\"s3\">o <\/span>dostarczania u\u017cytkownikom tre\u015bci reklamowych dostosowanych do ich zainteresowa\u0144 i potrzeb<\/p><p class=\"p40\">3. W ramach Serwisu stosowane s\u0105 3 g\u0142\u00f3wne rodzaje plik\u00f3w cookies:<\/p><p class=\"p41\"><span class=\"s3\">o <\/span>session cookies \u2013 sesyjne: pliki tymczasowe, kt\u00f3re przechowywane s\u0105 na urz\u0105dzeniu ko\u0144cowym u\u017cytkownika do czasu wylogowania, opuszczenia strony internetowej lub wy\u0142\u0105czenia oprogramowania (przegl\u0105darki internetowej).<\/p><p class=\"p42\"><span class=\"s3\">o <\/span>persistent cookies \u2013 sta\u0142e: przechowywane s\u0105 na urz\u0105dzeniu ko\u0144cowym u\u017cytkownika przez czas okre\u015blony w parametrach plik\u00f3w cookies lub do czasu usuni\u0119cia ich przez u\u017cytkownika. <span class=\"s3\">o <\/span>third parties cookies \u2013 podmiot\u00f3w zewn\u0119trznych: pliki pochodz\u0105ce np. z r\u00f3\u017cnych serwer\u00f3w reklamowych, serwer\u00f3w firm i dostawc\u00f3w us\u0142ug (dla przyk\u0142adu map umieszczanych na stronie, serwis\u00f3w spo\u0142eczno\u015bciowych itp.) wsp\u00f3\u0142pracuj\u0105cych z w\u0142a\u015bcicielem danej strony internetowej. Pliki te pozwalaj\u0105 dostosowywa\u0107 reklamy, dzi\u0119ki kt\u00f3rym korzystanie ze stron internetowych mo\u017ce by\u0107 dostosowane do preferencji i zwyczaj\u00f3w u\u017cytkownik\u00f3w. Pozwalaj\u0105 one r\u00f3wnie\u017c oceni\u0107 skuteczno\u015b\u0107 dzia\u0142a\u0144 reklamowych (np. dzi\u0119ki zliczaniu ile os\u00f3b klikn\u0119\u0142o w dan\u0105 reklam\u0119 i przesz\u0142o na stron\u0119 internetow\u0105 reklamodawcy). Informacjami zawartymi w ciasteczkach podmiot\u00f3w zewn\u0119trznych zarz\u0105dza dany podmiot zewn\u0119trzny, kt\u00f3ry je ustawia zgodnie ze swoj\u0105 polityk\u0105 prywatno\u015bci.<\/p><p class=\"p43\">4. W Serwisie stosowane s\u0105 nast\u0119puj\u0105ce rodzaje plik\u00f3w cookies:<\/p><p class=\"p44\"><span class=\"s3\">o <\/span>pliki cookies &#8222;niezb\u0119dne&#8221;, umo\u017cliwiaj\u0105ce korzystanie z us\u0142ug dost\u0119pnych w Serwisie, np. pliki uwierzytelniaj\u0105ce cookies wykorzystywane do us\u0142ug wymagaj\u0105cych uwierzytelniania w ramach Serwisu, pliki cookies s\u0142u\u017c\u0105ce do utrzymywania sesji u\u017cytkownika;<\/p><p class=\"p44\"><span class=\"s3\">o <\/span>pliki cookies &#8222;funkcjonalne&#8221;, daj\u0105ce mo\u017cliwo\u015b\u0107 zapami\u0119tania wybranych przez U\u017cytkownika ustawie\u0144 i personalizacj\u0119 interfejsu u\u017cytkownika, np. w zakresie j\u0119zyka lub regionu, z kt\u00f3rego pochodzi U\u017cytkownik, rozmiaru czcionki, koloru serwisu, wygl\u0105du strony www itp.;<\/p><p class=\"p45\"><span class=\"s3\">o <\/span>pliki cookies &#8222;wydajno\u015bciowe&#8221;, umo\u017cliwiaj\u0105ce zbieranie informacji o sposobie u\u017cytkowania stron internetowych Serwisu;<\/p><p class=\"p46\"><span class=\"s3\">o <\/span>pliki cookies &#8222;reklamowe&#8221;, daj\u0105ce mo\u017cliwo\u015b\u0107 dostarczania u\u017cytkownikom tre\u015bci reklamowych dostosowanych np. do ich zainteresowa\u0144.<\/p><p class=\"p47\">5. W wi\u0119kszo\u015bci przypadk\u00f3w oprogramowanie s\u0142u\u017c\u0105ce do przegl\u0105dania stron internetowych (np. przegl\u0105darki internetowe) domy\u015blnie dopuszczaj\u0105 przechowywanie plik\u00f3w cookies na urz\u0105dzeniu ko\u0144cowym u\u017cytkownika. u\u017cytkownicy Serwisu mog\u0105 dokona\u0107 zmiany ustawie\u0144 dotycz\u0105cych plik\u00f3w cookies w ka\u017cdym czasie i o dowolnej porze na swoim urz\u0105dzeniu lub w oprogramowaniu. Ustawienia te mog\u0105 zosta\u0107 zmienione szczeg\u00f3lnie w taki spos\u00f3b, aby zablokowa\u0107 automatyczn\u0105 obs\u0142ug\u0119 plik\u00f3w cookies w ustawieniach przegl\u0105darki internetowej b\u0105d\u017a informowa\u0107 u\u017cytkownika o ka\u017cdorazowym umieszczeniu na urz\u0105dzeniu u\u017cytkownika Serwisu. Szczeg\u00f3\u0142owe informacje o mo\u017cliwo\u015bci obs\u0142ugi plik\u00f3w cookies dost\u0119pne s\u0105 w ustawieniach oprogramowania (np. przegl\u0105darki internetowej).<\/p><p class=\"p48\">6. Administrator Serwisu informuje, \u017ce zmiana ustawie\u0144 w oprogramowaniu (np. w przegl\u0105darce internetowej) stosowania plik\u00f3w cookies mo\u017ce wp\u0142yn\u0105\u0107 na niekt\u00f3re funkcjonalno\u015bci dost\u0119pne na stronach www Serwisu.<\/p><p class=\"p49\">7. Pliki cookies, kt\u00f3re zamieszczane s\u0105 na urz\u0105dzeniu ko\u0144cowym u\u017cytkownika Serwisu mog\u0105 by\u0107 r\u00f3wnie\u017c wykorzystywane przez reklamodawc\u00f3w oraz partner\u00f3w wsp\u00f3\u0142pracuj\u0105cych z operatorem Serwisu.<\/p><p class=\"p50\">8. Wi\u0119cej informacji na temat plik\u00f3w cookies dost\u0119pnych jest w zak\u0142adce Pomoc w przegl\u0105darce internetowej.<\/p>\t\t\t\t\t\t\t\t<\/div>\n\t\t\t\t<\/div>\n\t\t\t\t\t<\/div>\n\t\t<\/div>\n\t\t\t\t\t<\/div>\n\t\t<\/section>\n\t\t\t\t<\/div>\n\t\t","protected":false},"excerpt":{"rendered":"<p>Soft Power sp\u00f3\u0142ka z ograniczon\u0105 odpowiedzialno\u015bci\u0105, z siedzib\u0105 we Wroc\u0142awiu 52-010, ul. Opolska 11-19,\u00a0 NIP 8943062929, REGON:361700953, KRS: 0000561255\u00a0 1. Kto jest administratorem danych osobowych os\u00f3b fizycznych? Soft Power sp\u00f3\u0142ka z ograniczon\u0105 odpowiedzialno\u015bci\u0105, z siedzib\u0105 we Wroc\u0142awiu\u00a0 2. W jakim celu, na jakiej podstawie i przez jaki okres wykorzystujemy Twoje dane osobowe? Dane osobowe uzyskane [&hellip;]<\/p>\n","protected":false},"author":1,"featured_media":0,"parent":0,"menu_order":0,"comment_status":"closed","ping_status":"closed","template":"","meta":{"_acf_changed":false,"inline_featured_image":false,"site-sidebar-layout":"no-sidebar","site-content-layout":"page-builder","ast-site-content-layout":"default","site-content-style":"default","site-sidebar-style":"default","ast-global-header-display":"","ast-banner-title-visibility":"","ast-main-header-display":"","ast-hfb-above-header-display":"","ast-hfb-below-header-display":"","ast-hfb-mobile-header-display":"","site-post-title":"disabled","ast-breadcrumbs-content":"","ast-featured-img":"disabled","footer-sml-layout":"","ast-disable-related-posts":"","theme-transparent-header-meta":"default","adv-header-id-meta":"","stick-header-meta":"default","header-above-stick-meta":"","header-main-stick-meta":"","header-below-stick-meta":"","astra-migrate-meta-layouts":"default","ast-page-background-enabled":"default","ast-page-background-meta":{"desktop":{"background-color":"","background-image":"","background-repeat":"repeat","background-position":"center center","background-size":"auto","background-attachment":"scroll","background-type":"","background-media":"","overlay-type":"","overlay-color":"","overlay-opacity":"","overlay-gradient":""},"tablet":{"background-color":"","background-image":"","background-repeat":"repeat","background-position":"center center","background-size":"auto","background-attachment":"scroll","background-type":"","background-media":"","overlay-type":"","overlay-color":"","overlay-opacity":"","overlay-gradient":""},"mobile":{"background-color":"","background-image":"","background-repeat":"repeat","background-position":"center center","background-size":"auto","background-attachment":"scroll","background-type":"","background-media":"","overlay-type":"","overlay-color":"","overlay-opacity":"","overlay-gradient":""}},"ast-content-background-meta":{"desktop":{"background-color":"var(--ast-global-color-5)","background-image":"","background-repeat":"repeat","background-position":"center center","background-size":"auto","background-attachment":"scroll","background-type":"","background-media":"","overlay-type":"","overlay-color":"","overlay-opacity":"","overlay-gradient":""},"tablet":{"background-color":"var(--ast-global-color-5)","background-image":"","background-repeat":"repeat","background-position":"center center","background-size":"auto","background-attachment":"scroll","background-type":"","background-media":"","overlay-type":"","overlay-color":"","overlay-opacity":"","overlay-gradient":""},"mobile":{"background-color":"var(--ast-global-color-5)","background-image":"","background-repeat":"repeat","background-position":"center center","background-size":"auto","background-attachment":"scroll","background-type":"","background-media":"","overlay-type":"","overlay-color":"","overlay-opacity":"","overlay-gradient":""}},"footnotes":""},"class_list":["post-3801","page","type-page","status-publish","hentry"],"acf":[],"_links":{"self":[{"href":"https:\/\/t-lem.com\/pl\/wp-json\/wp\/v2\/pages\/3801","targetHints":{"allow":["GET"]}}],"collection":[{"href":"https:\/\/t-lem.com\/pl\/wp-json\/wp\/v2\/pages"}],"about":[{"href":"https:\/\/t-lem.com\/pl\/wp-json\/wp\/v2\/types\/page"}],"author":[{"embeddable":true,"href":"https:\/\/t-lem.com\/pl\/wp-json\/wp\/v2\/users\/1"}],"replies":[{"embeddable":true,"href":"https:\/\/t-lem.com\/pl\/wp-json\/wp\/v2\/comments?post=3801"}],"version-history":[{"count":8,"href":"https:\/\/t-lem.com\/pl\/wp-json\/wp\/v2\/pages\/3801\/revisions"}],"predecessor-version":[{"id":4037,"href":"https:\/\/t-lem.com\/pl\/wp-json\/wp\/v2\/pages\/3801\/revisions\/4037"}],"wp:attachment":[{"href":"https:\/\/t-lem.com\/pl\/wp-json\/wp\/v2\/media?parent=3801"}],"curies":[{"name":"wp","href":"https:\/\/api.w.org\/{rel}","templated":true}]}}