{"id":3807,"date":"2019-02-27T15:50:21","date_gmt":"2019-02-27T14:50:21","guid":{"rendered":"https:\/\/t-lem.com\/regulations\/"},"modified":"2023-09-11T12:12:27","modified_gmt":"2023-09-11T10:12:27","slug":"regulamin","status":"publish","type":"page","link":"https:\/\/t-lem.com\/pl\/regulamin\/","title":{"rendered":"Regulamin"},"content":{"rendered":"\t\t<div data-elementor-type=\"wp-page\" data-elementor-id=\"3807\" class=\"elementor elementor-3807 elementor-321\" data-elementor-post-type=\"page\">\n\t\t\t\t\t\t<section class=\"elementor-section elementor-top-section elementor-element elementor-element-c3517a8 elementor-section-boxed elementor-section-height-default elementor-section-height-default\" data-id=\"c3517a8\" data-element_type=\"section\" data-e-type=\"section\" data-settings=\"{&quot;jet_parallax_layout_list&quot;:[]}\">\n\t\t\t\t\t\t<div class=\"elementor-container elementor-column-gap-default\">\n\t\t\t\t\t<div class=\"elementor-column elementor-col-100 elementor-top-column elementor-element elementor-element-8225c7a\" data-id=\"8225c7a\" data-element_type=\"column\" data-e-type=\"column\">\n\t\t\t<div class=\"elementor-widget-wrap elementor-element-populated\">\n\t\t\t\t\t\t<div class=\"elementor-element elementor-element-a0e08bc elementor-widget elementor-widget-heading\" data-id=\"a0e08bc\" data-element_type=\"widget\" data-e-type=\"widget\" data-widget_type=\"heading.default\">\n\t\t\t\t<div class=\"elementor-widget-container\">\n\t\t\t\t\t<h1 class=\"elementor-heading-title elementor-size-default\">REGULAMIN P\u0141ATNO\u015aCI <\/h1>\t\t\t\t<\/div>\n\t\t\t\t<\/div>\n\t\t\t\t<div class=\"elementor-element elementor-element-2fc15a1 elementor-widget elementor-widget-text-editor\" data-id=\"2fc15a1\" data-element_type=\"widget\" data-e-type=\"widget\" data-widget_type=\"text-editor.default\">\n\t\t\t\t<div class=\"elementor-widget-container\">\n\t\t\t\t\t\t\t\t\t<p class=\"p2\">za us\u0142ugi na platformie The League of Extraordinary Minds<\/p><p class=\"p3\">Definicje:<\/p><p class=\"p4\"><b>Operator<\/b>: Soft Power sp\u00f3\u0142ka z ograniczon\u0105 odpowiedzialn\u015bci\u0105, z siedzib\u0105 we Wroc\u0142awiu 52-010, ul. Opolska<span class=\"Apple-converted-space\">\u00a0 <\/span>11-19, NIP 8943062929, REGON:<span class=\"s1\">361700953, KRS: 0000561255\u00a0<\/span><\/p><p class=\"p5\"><b>Platforma<\/b>: platforma e-learningowa LEM (The League od Extraordinary Minds) dost\u0119pna poprzez<span class=\"Apple-converted-space\">\u00a0 <\/span>przegl\u0105dark\u0119 internetow\u0105 pod adresami: <span class=\"s2\">https:\/\/edu.t-lem.com\/<\/span><span class=\"s3\">,<\/span> <span class=\"s2\">https:\/\/edukacja.lnu.org.pl\/<\/span><\/p><p class=\"p6\"><b>Us\u0142ugi<\/b>: us\u0142ugi dost\u0119pne na Platformie.<\/p><p class=\"p7\"><b>U\u017cytkownik<\/b>: u\u017cytkownik Platformy.\u00a0<\/p><p class=\"p8\">1. Regulamin p\u0142atno\u015bci okre\u015bla warunki i zasady p\u0142atno\u015bci wnoszonych przez u\u017cytkownik\u00f3w Platformy<span class=\"Apple-converted-space\">\u00a0 <\/span>na rzecz Operatora z tytu\u0142u \u015bwiadczonych przez niego Us\u0142ug na Platformie.\u00a0<\/p><p class=\"p9\">2. Us\u0142ugi oferowane na Platformie polegaj\u0105 na dost\u0119pie on-line poprzez przegl\u0105dark\u0119 internetow\u0105 do<span class=\"Apple-converted-space\">\u00a0 <\/span>kurs\u00f3w.<\/p><p class=\"p10\">3. Obs\u0142uga p\u0142atno\u015bci, o kt\u00f3rych mowa w ust. 1 realizowana jest za po\u015brednictwem serwisu <span class=\"s5\"><b>Przelewy24 <\/b><\/span>(<span class=\"s2\">https:\/\/www.przelewy24.pl<\/span><span class=\"s3\">)<\/span>, poprzez kt\u00f3ry us\u0142ugi \u015bwiadczy PayPro S.A.. Regulamin p\u0142atno\u015bci w<span class=\"Apple-converted-space\">\u00a0 <\/span>systemie <span class=\"s5\"><b>Serwis Przelewy24 <\/b><\/span>dost\u0119pny jest na stronie: <span class=\"s2\">https:\/\/www.przelewy24.pl\/regulamin<\/span><\/p><p class=\"p11\">4. Regulamin \u015bwiadczenia us\u0142ug dost\u0119pu do Platformy dost\u0119pny jest pod adresem:<span class=\"Apple-converted-space\">\u00a0 <\/span><span class=\"s2\">https:\/\/edukacja.lnu.org.pl\/docs\/regulamin_soft_power_2019_07.pdf<\/span><\/p><p class=\"p12\">5. Polityka Prywatno\u015bci dost\u0119pna jest na stronie:\u00a0<\/p><p class=\"p13\">https:\/\/www.lnu.org.pl\/wp-content\/uploads\/2022\/04\/polityka-prywatnosci-pl.pdf 6. P\u0142atno\u015bci za Us\u0142ugi mog\u0105 by\u0107 realizowane poprzez jedn\u0105 z poni\u017cszych form:<\/p><p class=\"p14\"><span class=\"s6\">\u2219<\/span> karta kredytowa lub debetowa<\/p><p class=\"p14\"><span class=\"s6\">\u2219<\/span> PayPal<\/p><p class=\"p14\"><span class=\"s6\">\u2219<\/span> Google Pay<\/p><p class=\"p14\"><span class=\"s6\">\u2219<\/span> Blik<\/p><p class=\"p14\"><span class=\"s6\">\u2219<\/span> szybkie transfery<\/p><p class=\"p14\"><span class=\"s6\">\u2219<\/span> przelewy online<\/p><p class=\"p15\"><span class=\"s6\">\u2219<\/span> przekaz bankowy<\/p><p class=\"p16\">\u00a0<\/p><p class=\"p17\">7. Po dokonaniu p\u0142atno\u015bci dost\u0119p do zakupionej Us\u0142ugi realizowany jest automatycznie i<span class=\"Apple-converted-space\">\u00a0 <\/span>natychmiastowo.<\/p><p class=\"p18\">8. Dokonanie p\u0142atno\u015bci oznacza nawi\u0105zanie umowy o \u015bwiadczenie us\u0142ug pomi\u0119dzy U\u017cytkownikiem i<span class=\"Apple-converted-space\">\u00a0 <\/span>Operatorem.\u00a0<\/p><p class=\"p19\">9. Wszystkie us\u0142ugi oferowane na platformie s\u0105 us\u0142ugami cyfrowymi \u015bwiadczonymi od razu po<span class=\"Apple-converted-space\">\u00a0 <\/span>dokonaniu za nie p\u0142atno\u015bci. U\u017cytkownik dokonuj\u0105cy p\u0142atno\u015bci za Us\u0142ugi przyjmuje do wiadomo\u015bci, \u017ce odst\u0105pienie od umowy o ich wykonanie jest niemo\u017cliwe.\u00a0<\/p><p class=\"p20\">10. Reklamacje dotycz\u0105ce procesu p\u0142atno\u015bci U\u017cytkownik mo\u017ce sk\u0142ada\u0107 bezpo\u015brednio do serwisu<span class=\"Apple-converted-space\">\u00a0 <\/span>p\u0142atno\u015bci Przelewy24 ( <span class=\"s2\">https:\/\/www.przelewy24.pl\/reklamacje <\/span>), zgodnie z regulaminem dost\u0119pnym<span class=\"Apple-converted-space\">\u00a0 <\/span>na stronie: <span class=\"s2\">https:\/\/www.przelewy24.pl\/regulamin<\/span><\/p>\t\t\t\t\t\t\t\t<\/div>\n\t\t\t\t<\/div>\n\t\t\t\t\t<\/div>\n\t\t<\/div>\n\t\t\t\t\t<\/div>\n\t\t<\/section>\n\t\t\t\t<\/div>\n\t\t","protected":false},"excerpt":{"rendered":"<p>REGULAMIN P\u0141ATNO\u015aCI za us\u0142ugi na platformie The League of Extraordinary Minds Definicje: Operator: Soft Power sp\u00f3\u0142ka z ograniczon\u0105 odpowiedzialn\u015bci\u0105, z siedzib\u0105 we Wroc\u0142awiu 52-010, ul. Opolska\u00a0 11-19, NIP 8943062929, REGON:361700953, KRS: 0000561255\u00a0 Platforma: platforma e-learningowa LEM (The League od Extraordinary Minds) dost\u0119pna poprzez\u00a0 przegl\u0105dark\u0119 internetow\u0105 pod adresami: https:\/\/edu.t-lem.com\/, https:\/\/edukacja.lnu.org.pl\/ Us\u0142ugi: us\u0142ugi dost\u0119pne na Platformie. U\u017cytkownik: [&hellip;]<\/p>\n","protected":false},"author":1,"featured_media":0,"parent":0,"menu_order":0,"comment_status":"closed","ping_status":"closed","template":"","meta":{"_acf_changed":false,"inline_featured_image":false,"site-sidebar-layout":"no-sidebar","site-content-layout":"page-builder","ast-site-content-layout":"default","site-content-style":"default","site-sidebar-style":"default","ast-global-header-display":"","ast-banner-title-visibility":"","ast-main-header-display":"","ast-hfb-above-header-display":"","ast-hfb-below-header-display":"","ast-hfb-mobile-header-display":"","site-post-title":"disabled","ast-breadcrumbs-content":"","ast-featured-img":"disabled","footer-sml-layout":"","ast-disable-related-posts":"","theme-transparent-header-meta":"default","adv-header-id-meta":"","stick-header-meta":"default","header-above-stick-meta":"","header-main-stick-meta":"","header-below-stick-meta":"","astra-migrate-meta-layouts":"default","ast-page-background-enabled":"default","ast-page-background-meta":{"desktop":{"background-color":"","background-image":"","background-repeat":"repeat","background-position":"center center","background-size":"auto","background-attachment":"scroll","background-type":"","background-media":"","overlay-type":"","overlay-color":"","overlay-opacity":"","overlay-gradient":""},"tablet":{"background-color":"","background-image":"","background-repeat":"repeat","background-position":"center center","background-size":"auto","background-attachment":"scroll","background-type":"","background-media":"","overlay-type":"","overlay-color":"","overlay-opacity":"","overlay-gradient":""},"mobile":{"background-color":"","background-image":"","background-repeat":"repeat","background-position":"center center","background-size":"auto","background-attachment":"scroll","background-type":"","background-media":"","overlay-type":"","overlay-color":"","overlay-opacity":"","overlay-gradient":""}},"ast-content-background-meta":{"desktop":{"background-color":"var(--ast-global-color-5)","background-image":"","background-repeat":"repeat","background-position":"center center","background-size":"auto","background-attachment":"scroll","background-type":"","background-media":"","overlay-type":"","overlay-color":"","overlay-opacity":"","overlay-gradient":""},"tablet":{"background-color":"var(--ast-global-color-5)","background-image":"","background-repeat":"repeat","background-position":"center center","background-size":"auto","background-attachment":"scroll","background-type":"","background-media":"","overlay-type":"","overlay-color":"","overlay-opacity":"","overlay-gradient":""},"mobile":{"background-color":"var(--ast-global-color-5)","background-image":"","background-repeat":"repeat","background-position":"center center","background-size":"auto","background-attachment":"scroll","background-type":"","background-media":"","overlay-type":"","overlay-color":"","overlay-opacity":"","overlay-gradient":""}},"footnotes":""},"class_list":["post-3807","page","type-page","status-publish","hentry"],"acf":[],"_links":{"self":[{"href":"https:\/\/t-lem.com\/pl\/wp-json\/wp\/v2\/pages\/3807","targetHints":{"allow":["GET"]}}],"collection":[{"href":"https:\/\/t-lem.com\/pl\/wp-json\/wp\/v2\/pages"}],"about":[{"href":"https:\/\/t-lem.com\/pl\/wp-json\/wp\/v2\/types\/page"}],"author":[{"embeddable":true,"href":"https:\/\/t-lem.com\/pl\/wp-json\/wp\/v2\/users\/1"}],"replies":[{"embeddable":true,"href":"https:\/\/t-lem.com\/pl\/wp-json\/wp\/v2\/comments?post=3807"}],"version-history":[{"count":8,"href":"https:\/\/t-lem.com\/pl\/wp-json\/wp\/v2\/pages\/3807\/revisions"}],"predecessor-version":[{"id":4040,"href":"https:\/\/t-lem.com\/pl\/wp-json\/wp\/v2\/pages\/3807\/revisions\/4040"}],"wp:attachment":[{"href":"https:\/\/t-lem.com\/pl\/wp-json\/wp\/v2\/media?parent=3807"}],"curies":[{"name":"wp","href":"https:\/\/api.w.org\/{rel}","templated":true}]}}