{"id":3948,"date":"2023-09-10T08:43:50","date_gmt":"2023-09-10T06:43:50","guid":{"rendered":"https:\/\/t-lem.com\/produkt\/python-level-1-individual\/"},"modified":"2023-10-04T08:39:49","modified_gmt":"2023-10-04T06:39:49","slug":"python-poziom-1-oferta-indywidualna","status":"publish","type":"product","link":"https:\/\/t-lem.com\/pl\/produkt\/python-poziom-1-oferta-indywidualna\/","title":{"rendered":"Python poziom 1 &#8211; oferta indywidualna"},"content":{"rendered":"<p>Kurs podstaw j\u0119zyka Python. Rozwi\u0105zuj problemy u\u017cywaj\u0105c tego niezwykle popularnego j\u0119zyka programowania. W takcie kursu na poziomie 1 zdob\u0119dziesz wiedz\u0119 i umiej\u0119tno\u015bci pos\u0142ugiwania si\u0119 fundamentalnymi elementami j\u0119zyka, w tym m. in.: zmiennymi, funkcjami, instrukcjami steruj\u0105cymi, p\u0119tlami, opratorami logicznymi i arytmetycznymi, wyra\u017ceniemi a tak\u017ce r\u00f3\u017cnymi typami i strukturami danych: \u0142a\u0144cuchami znak\u00f3w, liczbami, krotkami, listami, s\u0142ownikami, zbiorami. Nauczysz si\u0119 pracy z plikami tekstowymi oraz obs\u0142ugi wyj\u0105tk\u00f3w, a tak\u017ce dowiesz si\u0119 co to jest i skorzystasz z API.<\/p>\n","protected":false},"excerpt":{"rendered":"<p>Kurs podstaw j\u0119zyka Python. Rozwi\u0105zuj problemy u\u017cywaj\u0105c tego niezwykle popularnego j\u0119zyka programowania. W takcie kursu na poziomie 1 zdob\u0119dziesz wiedz\u0119 i umiej\u0119tno\u015bci pos\u0142ugiwania si\u0119 fundamentalnymi elementami j\u0119zyka, w tym m. in.: zmiennymi, funkcjami, instrukcjami steruj\u0105cymi, p\u0119tlami, opratorami logicznymi i arytmetycznymi, wyra\u017ceniemi a tak\u017ce r\u00f3\u017cnymi typami i strukturami danych: \u0142a\u0144cuchami znak\u00f3w, liczbami, krotkami, listami, s\u0142ownikami, zbiorami. [&hellip;]<\/p>\n","protected":false},"featured_media":3932,"comment_status":"open","ping_status":"closed","template":"","meta":{"_acf_changed":false,"inline_featured_image":false,"site-sidebar-layout":"default","site-content-layout":"default","ast-site-content-layout":"default","site-content-style":"default","site-sidebar-style":"default","ast-global-header-display":"","ast-banner-title-visibility":"","ast-main-header-display":"","ast-hfb-above-header-display":"","ast-hfb-below-header-display":"","ast-hfb-mobile-header-display":"","site-post-title":"","ast-breadcrumbs-content":"","ast-featured-img":"","footer-sml-layout":"","ast-disable-related-posts":"","theme-transparent-header-meta":"default","adv-header-id-meta":"","stick-header-meta":"default","header-above-stick-meta":"","header-main-stick-meta":"","header-below-stick-meta":"","astra-migrate-meta-layouts":"set","ast-page-background-enabled":"default","ast-page-background-meta":{"desktop":{"background-color":"","background-image":"","background-repeat":"repeat","background-position":"center center","background-size":"auto","background-attachment":"scroll","background-type":"","background-media":"","overlay-type":"","overlay-color":"","overlay-opacity":"","overlay-gradient":""},"tablet":{"background-color":"","background-image":"","background-repeat":"repeat","background-position":"center center","background-size":"auto","background-attachment":"scroll","background-type":"","background-media":"","overlay-type":"","overlay-color":"","overlay-opacity":"","overlay-gradient":""},"mobile":{"background-color":"","background-image":"","background-repeat":"repeat","background-position":"center center","background-size":"auto","background-attachment":"scroll","background-type":"","background-media":"","overlay-type":"","overlay-color":"","overlay-opacity":"","overlay-gradient":""}},"ast-content-background-meta":{"desktop":{"background-color":"var(--ast-global-color-5)","background-image":"","background-repeat":"repeat","background-position":"center center","background-size":"auto","background-attachment":"scroll","background-type":"","background-media":"","overlay-type":"","overlay-color":"","overlay-opacity":"","overlay-gradient":""},"tablet":{"background-color":"var(--ast-global-color-5)","background-image":"","background-repeat":"repeat","background-position":"center center","background-size":"auto","background-attachment":"scroll","background-type":"","background-media":"","overlay-type":"","overlay-color":"","overlay-opacity":"","overlay-gradient":""},"mobile":{"background-color":"var(--ast-global-color-5)","background-image":"","background-repeat":"repeat","background-position":"center center","background-size":"auto","background-attachment":"scroll","background-type":"","background-media":"","overlay-type":"","overlay-color":"","overlay-opacity":"","overlay-gradient":""}}},"product_brand":[],"product_cat":[88],"product_tag":[],"class_list":{"0":"post-3948","1":"product","2":"type-product","3":"status-publish","4":"has-post-thumbnail","6":"product_cat-kursy-pl","7":"desktop-align-left","8":"tablet-align-left","9":"mobile-align-left","10":"ast-product-gallery-layout-horizontal-slider","11":"ast-product-gallery-with-no-image","12":"ast-product-single-variable","13":"ast-product-tabs-layout-horizontal","15":"first","16":"instock","17":"taxable","18":"shipping-taxable","19":"purchasable","20":"product-type-variable","21":"has-default-attributes"},"acf":[],"_links":{"self":[{"href":"https:\/\/t-lem.com\/pl\/wp-json\/wp\/v2\/product\/3948","targetHints":{"allow":["GET"]}}],"collection":[{"href":"https:\/\/t-lem.com\/pl\/wp-json\/wp\/v2\/product"}],"about":[{"href":"https:\/\/t-lem.com\/pl\/wp-json\/wp\/v2\/types\/product"}],"replies":[{"embeddable":true,"href":"https:\/\/t-lem.com\/pl\/wp-json\/wp\/v2\/comments?post=3948"}],"wp:featuredmedia":[{"embeddable":true,"href":"https:\/\/t-lem.com\/pl\/wp-json\/wp\/v2\/media\/3932"}],"wp:attachment":[{"href":"https:\/\/t-lem.com\/pl\/wp-json\/wp\/v2\/media?parent=3948"}],"wp:term":[{"taxonomy":"product_brand","embeddable":true,"href":"https:\/\/t-lem.com\/pl\/wp-json\/wp\/v2\/product_brand?post=3948"},{"taxonomy":"product_cat","embeddable":true,"href":"https:\/\/t-lem.com\/pl\/wp-json\/wp\/v2\/product_cat?post=3948"},{"taxonomy":"product_tag","embeddable":true,"href":"https:\/\/t-lem.com\/pl\/wp-json\/wp\/v2\/product_tag?post=3948"}],"curies":[{"name":"wp","href":"https:\/\/api.w.org\/{rel}","templated":true}]}}