{"id":4006,"date":"2023-09-10T09:48:38","date_gmt":"2023-09-10T07:48:38","guid":{"rendered":"https:\/\/t-lem.com\/produkt\/premium-account\/"},"modified":"2023-10-04T08:39:06","modified_gmt":"2023-10-04T06:39:06","slug":"konto-premium","status":"publish","type":"product","link":"https:\/\/t-lem.com\/pl\/produkt\/konto-premium\/","title":{"rendered":"Konto Premium"},"content":{"rendered":"<p>Pakiet zawiera dost\u0119p do wszystkich kurs\u00f3w z oferty dla os\u00f3 indywidualnych oraz do trzech dodatkowych kurs\u00f3w: Wprowadzenie do Javy, Python dla szk\u00f3\u0142 oraz Python &#8211; przygotowanie do matury z informatyki. Wi\u0119cej informacji o zawarto\u015bci tych dw\u00f3ch ostatnich kurs\u00f3w znajdziesz na stronie z ofert\u0105 dla szk\u00f3\u0142.<\/p>\n","protected":false},"excerpt":{"rendered":"<p>Pakiet zawiera dost\u0119p do wszystkich kurs\u00f3w z oferty dla os\u00f3 indywidualnych oraz do trzech dodatkowych kurs\u00f3w: Wprowadzenie do Javy, Python dla szk\u00f3\u0142 oraz Python &#8211; przygotowanie do matury z informatyki. Wi\u0119cej informacji o zawarto\u015bci tych dw\u00f3ch ostatnich kurs\u00f3w znajdziesz na stronie z ofert\u0105 dla szk\u00f3\u0142.<\/p>\n","protected":false},"featured_media":3979,"comment_status":"open","ping_status":"closed","template":"","meta":{"_acf_changed":false,"inline_featured_image":false,"site-sidebar-layout":"default","site-content-layout":"","ast-site-content-layout":"default","site-content-style":"default","site-sidebar-style":"default","ast-global-header-display":"","ast-banner-title-visibility":"","ast-main-header-display":"","ast-hfb-above-header-display":"","ast-hfb-below-header-display":"","ast-hfb-mobile-header-display":"","site-post-title":"","ast-breadcrumbs-content":"","ast-featured-img":"","footer-sml-layout":"","ast-disable-related-posts":"","theme-transparent-header-meta":"default","adv-header-id-meta":"","stick-header-meta":"default","header-above-stick-meta":"","header-main-stick-meta":"","header-below-stick-meta":"","astra-migrate-meta-layouts":"set","ast-page-background-enabled":"default","ast-page-background-meta":{"desktop":{"background-color":"","background-image":"","background-repeat":"repeat","background-position":"center center","background-size":"auto","background-attachment":"scroll","background-type":"","background-media":"","overlay-type":"","overlay-color":"","overlay-opacity":"","overlay-gradient":""},"tablet":{"background-color":"","background-image":"","background-repeat":"repeat","background-position":"center center","background-size":"auto","background-attachment":"scroll","background-type":"","background-media":"","overlay-type":"","overlay-color":"","overlay-opacity":"","overlay-gradient":""},"mobile":{"background-color":"","background-image":"","background-repeat":"repeat","background-position":"center center","background-size":"auto","background-attachment":"scroll","background-type":"","background-media":"","overlay-type":"","overlay-color":"","overlay-opacity":"","overlay-gradient":""}},"ast-content-background-meta":{"desktop":{"background-color":"var(--ast-global-color-5)","background-image":"","background-repeat":"repeat","background-position":"center center","background-size":"auto","background-attachment":"scroll","background-type":"","background-media":"","overlay-type":"","overlay-color":"","overlay-opacity":"","overlay-gradient":""},"tablet":{"background-color":"var(--ast-global-color-5)","background-image":"","background-repeat":"repeat","background-position":"center center","background-size":"auto","background-attachment":"scroll","background-type":"","background-media":"","overlay-type":"","overlay-color":"","overlay-opacity":"","overlay-gradient":""},"mobile":{"background-color":"var(--ast-global-color-5)","background-image":"","background-repeat":"repeat","background-position":"center center","background-size":"auto","background-attachment":"scroll","background-type":"","background-media":"","overlay-type":"","overlay-color":"","overlay-opacity":"","overlay-gradient":""}}},"product_brand":[],"product_cat":[88],"product_tag":[],"class_list":{"0":"post-4006","1":"product","2":"type-product","3":"status-publish","4":"has-post-thumbnail","6":"product_cat-kursy-pl","7":"desktop-align-left","8":"tablet-align-left","9":"mobile-align-left","10":"ast-product-gallery-layout-horizontal-slider","11":"ast-product-gallery-with-no-image","12":"ast-product-tabs-layout-horizontal","14":"first","15":"instock","16":"downloadable","17":"virtual","18":"taxable","19":"purchasable","20":"product-type-simple"},"acf":[],"_links":{"self":[{"href":"https:\/\/t-lem.com\/pl\/wp-json\/wp\/v2\/product\/4006","targetHints":{"allow":["GET"]}}],"collection":[{"href":"https:\/\/t-lem.com\/pl\/wp-json\/wp\/v2\/product"}],"about":[{"href":"https:\/\/t-lem.com\/pl\/wp-json\/wp\/v2\/types\/product"}],"replies":[{"embeddable":true,"href":"https:\/\/t-lem.com\/pl\/wp-json\/wp\/v2\/comments?post=4006"}],"wp:featuredmedia":[{"embeddable":true,"href":"https:\/\/t-lem.com\/pl\/wp-json\/wp\/v2\/media\/3979"}],"wp:attachment":[{"href":"https:\/\/t-lem.com\/pl\/wp-json\/wp\/v2\/media?parent=4006"}],"wp:term":[{"taxonomy":"product_brand","embeddable":true,"href":"https:\/\/t-lem.com\/pl\/wp-json\/wp\/v2\/product_brand?post=4006"},{"taxonomy":"product_cat","embeddable":true,"href":"https:\/\/t-lem.com\/pl\/wp-json\/wp\/v2\/product_cat?post=4006"},{"taxonomy":"product_tag","embeddable":true,"href":"https:\/\/t-lem.com\/pl\/wp-json\/wp\/v2\/product_tag?post=4006"}],"curies":[{"name":"wp","href":"https:\/\/api.w.org\/{rel}","templated":true}]}}